{"id":340,"date":"2022-08-04T18:47:04","date_gmt":"2022-08-04T21:47:04","guid":{"rendered":"https:\/\/lagetech.tec.br\/?page_id=340"},"modified":"2022-08-04T21:13:57","modified_gmt":"2022-08-05T00:13:57","slug":"mapa-do-site","status":"publish","type":"page","link":"https:\/\/lagetech.tec.br\/index.php\/mapa-do-site\/","title":{"rendered":"Mapa do Site"},"content":{"rendered":"\t\t<div data-elementor-type=\"wp-page\" data-elementor-id=\"340\" class=\"elementor elementor-340\" data-elementor-post-type=\"page\">\n\t\t\t\t\t\t\t\t\t<section data-particle_enable=\"false\" data-particle-mobile-disabled=\"false\" class=\"has_ae_slider elementor-section elementor-top-section elementor-element elementor-element-0afc494 elementor-section-boxed elementor-section-height-default elementor-section-height-default ae-bg-gallery-type-default\" data-id=\"0afc494\" data-element_type=\"section\" data-settings=\"{&quot;jet_parallax_layout_list&quot;:[{&quot;jet_parallax_layout_image&quot;:{&quot;url&quot;:&quot;&quot;,&quot;id&quot;:&quot;&quot;,&quot;size&quot;:&quot;&quot;},&quot;_id&quot;:&quot;d9edc8f&quot;,&quot;jet_parallax_layout_image_tablet&quot;:{&quot;url&quot;:&quot;&quot;,&quot;id&quot;:&quot;&quot;,&quot;size&quot;:&quot;&quot;},&quot;jet_parallax_layout_image_mobile&quot;:{&quot;url&quot;:&quot;&quot;,&quot;id&quot;:&quot;&quot;,&quot;size&quot;:&quot;&quot;},&quot;jet_parallax_layout_speed&quot;:{&quot;unit&quot;:&quot;%&quot;,&quot;size&quot;:50,&quot;sizes&quot;:[]},&quot;jet_parallax_layout_type&quot;:&quot;scroll&quot;,&quot;jet_parallax_layout_direction&quot;:null,&quot;jet_parallax_layout_fx_direction&quot;:null,&quot;jet_parallax_layout_z_index&quot;:&quot;&quot;,&quot;jet_parallax_layout_bg_x&quot;:50,&quot;jet_parallax_layout_bg_x_tablet&quot;:&quot;&quot;,&quot;jet_parallax_layout_bg_x_mobile&quot;:&quot;&quot;,&quot;jet_parallax_layout_bg_y&quot;:50,&quot;jet_parallax_layout_bg_y_tablet&quot;:&quot;&quot;,&quot;jet_parallax_layout_bg_y_mobile&quot;:&quot;&quot;,&quot;jet_parallax_layout_bg_size&quot;:&quot;auto&quot;,&quot;jet_parallax_layout_bg_size_tablet&quot;:&quot;&quot;,&quot;jet_parallax_layout_bg_size_mobile&quot;:&quot;&quot;,&quot;jet_parallax_layout_animation_prop&quot;:&quot;transform&quot;,&quot;jet_parallax_layout_on&quot;:[&quot;desktop&quot;,&quot;tablet&quot;]}],&quot;_ha_eqh_enable&quot;:false}\">\n\t\t\t\t\t\t<div class=\"elementor-container elementor-column-gap-default\">\n\t\t\t\t\t<div class=\"has_ae_slider elementor-column elementor-col-100 elementor-top-column elementor-element elementor-element-81d9930 ae-bg-gallery-type-default\" data-id=\"81d9930\" data-element_type=\"column\">\n\t\t\t<div class=\"elementor-widget-wrap elementor-element-populated\">\n\t\t\t\t\t\t\t\t\t<\/div>\n\t\t<\/div>\n\t\t\t\t\t\t\t<\/div>\n\t\t<\/section>\n\t\t\t\t<section data-particle_enable=\"false\" data-particle-mobile-disabled=\"false\" class=\"has_ae_slider elementor-section elementor-top-section elementor-element elementor-element-1fa0985 elementor-section-boxed elementor-section-height-default elementor-section-height-default ae-bg-gallery-type-default\" data-id=\"1fa0985\" data-element_type=\"section\" data-settings=\"{&quot;jet_parallax_layout_list&quot;:[{&quot;jet_parallax_layout_image&quot;:{&quot;url&quot;:&quot;&quot;,&quot;id&quot;:&quot;&quot;,&quot;size&quot;:&quot;&quot;},&quot;_id&quot;:&quot;baa0547&quot;,&quot;jet_parallax_layout_image_tablet&quot;:{&quot;url&quot;:&quot;&quot;,&quot;id&quot;:&quot;&quot;,&quot;size&quot;:&quot;&quot;},&quot;jet_parallax_layout_image_mobile&quot;:{&quot;url&quot;:&quot;&quot;,&quot;id&quot;:&quot;&quot;,&quot;size&quot;:&quot;&quot;},&quot;jet_parallax_layout_speed&quot;:{&quot;unit&quot;:&quot;%&quot;,&quot;size&quot;:50,&quot;sizes&quot;:[]},&quot;jet_parallax_layout_type&quot;:&quot;scroll&quot;,&quot;jet_parallax_layout_direction&quot;:null,&quot;jet_parallax_layout_fx_direction&quot;:null,&quot;jet_parallax_layout_z_index&quot;:&quot;&quot;,&quot;jet_parallax_layout_bg_x&quot;:50,&quot;jet_parallax_layout_bg_x_tablet&quot;:&quot;&quot;,&quot;jet_parallax_layout_bg_x_mobile&quot;:&quot;&quot;,&quot;jet_parallax_layout_bg_y&quot;:50,&quot;jet_parallax_layout_bg_y_tablet&quot;:&quot;&quot;,&quot;jet_parallax_layout_bg_y_mobile&quot;:&quot;&quot;,&quot;jet_parallax_layout_bg_size&quot;:&quot;auto&quot;,&quot;jet_parallax_layout_bg_size_tablet&quot;:&quot;&quot;,&quot;jet_parallax_layout_bg_size_mobile&quot;:&quot;&quot;,&quot;jet_parallax_layout_animation_prop&quot;:&quot;transform&quot;,&quot;jet_parallax_layout_on&quot;:[&quot;desktop&quot;,&quot;tablet&quot;]}],&quot;_ha_eqh_enable&quot;:false}\">\n\t\t\t\t\t\t<div class=\"elementor-container elementor-column-gap-default\">\n\t\t\t\t\t<div class=\"has_ae_slider elementor-column elementor-col-50 elementor-top-column elementor-element elementor-element-2729862 ae-bg-gallery-type-default\" data-id=\"2729862\" data-element_type=\"column\">\n\t\t\t<div class=\"elementor-widget-wrap elementor-element-populated\">\n\t\t\t\t\t\t\t\t<div class=\"elementor-element elementor-element-1ba7e67 elementor-view-default elementor-widget elementor-widget-icon\" data-id=\"1ba7e67\" data-element_type=\"widget\" data-widget_type=\"icon.default\">\n\t\t\t\t<div class=\"elementor-widget-container\">\n\t\t\t\t\t<div class=\"elementor-icon-wrapper\">\n\t\t\t<a class=\"elementor-icon\" href=\"https:\/\/lagetech.tec.br\/index.php\/inicial\/\">\n\t\t\t<i aria-hidden=\"true\" class=\"fas fa-home\"><\/i>\t\t\t<\/a>\n\t\t<\/div>\n\t\t\t\t<\/div>\n\t\t\t\t<\/div>\n\t\t\t\t<div class=\"elementor-element elementor-element-0c49f69 elementor-widget elementor-widget-text-editor\" data-id=\"0c49f69\" data-element_type=\"widget\" data-widget_type=\"text-editor.default\">\n\t\t\t\t<div class=\"elementor-widget-container\">\n\t\t\t<style>\/*! elementor - v3.15.0 - 31-07-2023 *\/\n.elementor-widget-text-editor.elementor-drop-cap-view-stacked .elementor-drop-cap{background-color:#69727d;color:#fff}.elementor-widget-text-editor.elementor-drop-cap-view-framed .elementor-drop-cap{color:#69727d;border:3px solid;background-color:transparent}.elementor-widget-text-editor:not(.elementor-drop-cap-view-default) .elementor-drop-cap{margin-top:8px}.elementor-widget-text-editor:not(.elementor-drop-cap-view-default) .elementor-drop-cap-letter{width:1em;height:1em}.elementor-widget-text-editor .elementor-drop-cap{float:left;text-align:center;line-height:1;font-size:50px}.elementor-widget-text-editor .elementor-drop-cap-letter{display:inline-block}<\/style>\t\t\t\t<p><strong><a href=\"https:\/\/lagetech.tec.br\/index.php\/inicial\/\">Voltar a P\u00e1gina Inicial<\/a><\/strong><\/p>\t\t\t\t\t\t<\/div>\n\t\t\t\t<\/div>\n\t\t\t\t\t<\/div>\n\t\t<\/div>\n\t\t\t\t<div class=\"has_ae_slider elementor-column elementor-col-50 elementor-top-column elementor-element elementor-element-1a42fe9 ae-bg-gallery-type-default\" data-id=\"1a42fe9\" data-element_type=\"column\">\n\t\t\t<div class=\"elementor-widget-wrap\">\n\t\t\t\t\t\t\t\t\t<\/div>\n\t\t<\/div>\n\t\t\t\t\t\t\t<\/div>\n\t\t<\/section>\n\t\t\t\t<section data-particle_enable=\"false\" data-particle-mobile-disabled=\"false\" class=\"has_ae_slider elementor-section elementor-top-section elementor-element elementor-element-759b1db elementor-section-boxed elementor-section-height-default elementor-section-height-default ae-bg-gallery-type-default\" data-id=\"759b1db\" data-element_type=\"section\" data-settings=\"{&quot;jet_parallax_layout_list&quot;:[{&quot;jet_parallax_layout_image&quot;:{&quot;url&quot;:&quot;&quot;,&quot;id&quot;:&quot;&quot;,&quot;size&quot;:&quot;&quot;},&quot;_id&quot;:&quot;6c20986&quot;,&quot;jet_parallax_layout_image_tablet&quot;:{&quot;url&quot;:&quot;&quot;,&quot;id&quot;:&quot;&quot;,&quot;size&quot;:&quot;&quot;},&quot;jet_parallax_layout_image_mobile&quot;:{&quot;url&quot;:&quot;&quot;,&quot;id&quot;:&quot;&quot;,&quot;size&quot;:&quot;&quot;},&quot;jet_parallax_layout_speed&quot;:{&quot;unit&quot;:&quot;%&quot;,&quot;size&quot;:50,&quot;sizes&quot;:[]},&quot;jet_parallax_layout_type&quot;:&quot;scroll&quot;,&quot;jet_parallax_layout_direction&quot;:null,&quot;jet_parallax_layout_fx_direction&quot;:null,&quot;jet_parallax_layout_z_index&quot;:&quot;&quot;,&quot;jet_parallax_layout_bg_x&quot;:50,&quot;jet_parallax_layout_bg_x_tablet&quot;:&quot;&quot;,&quot;jet_parallax_layout_bg_x_mobile&quot;:&quot;&quot;,&quot;jet_parallax_layout_bg_y&quot;:50,&quot;jet_parallax_layout_bg_y_tablet&quot;:&quot;&quot;,&quot;jet_parallax_layout_bg_y_mobile&quot;:&quot;&quot;,&quot;jet_parallax_layout_bg_size&quot;:&quot;auto&quot;,&quot;jet_parallax_layout_bg_size_tablet&quot;:&quot;&quot;,&quot;jet_parallax_layout_bg_size_mobile&quot;:&quot;&quot;,&quot;jet_parallax_layout_animation_prop&quot;:&quot;transform&quot;,&quot;jet_parallax_layout_on&quot;:[&quot;desktop&quot;,&quot;tablet&quot;]}],&quot;_ha_eqh_enable&quot;:false}\">\n\t\t\t\t\t\t<div class=\"elementor-container elementor-column-gap-default\">\n\t\t\t\t\t<div class=\"has_ae_slider elementor-column elementor-col-100 elementor-top-column elementor-element elementor-element-d5fcbbc ae-bg-gallery-type-default\" data-id=\"d5fcbbc\" data-element_type=\"column\">\n\t\t\t<div class=\"elementor-widget-wrap elementor-element-populated\">\n\t\t\t\t\t\t\t\t<div class=\"elementor-element elementor-element-4d0d738 elementor-widget elementor-widget-sitemap\" data-id=\"4d0d738\" data-element_type=\"widget\" data-widget_type=\"sitemap.default\">\n\t\t\t\t<div class=\"elementor-widget-container\">\n\t\t\t<link rel=\"stylesheet\" href=\"https:\/\/lagetech.tec.br\/wp-content\/plugins\/elementor-pro\/assets\/css\/widget-theme-elements.min.css\"><div class=\"elementor-sitemap-wrap\"><div class=\"elementor-sitemap-section\"><h2 class=\"elementor-sitemap-title elementor-sitemap-page-title\">P\u00e1ginas<\/h2><ul class=\"elementor-sitemap-list elementor-sitemap-page-list\"><li class=\"elementor-sitemap-item elementor-sitemap-item-page page_item page-item-517\"><a href=\"https:\/\/lagetech.tec.br\/index.php\/cart\/\">Cart<\/a><\/li><li class=\"elementor-sitemap-item elementor-sitemap-item-page page_item page-item-518\"><a href=\"https:\/\/lagetech.tec.br\/index.php\/checkout\/\">Checkout<\/a><\/li><li class=\"elementor-sitemap-item elementor-sitemap-item-page page_item page-item-344\"><a href=\"https:\/\/lagetech.tec.br\/index.php\/creditos-e-atribuicoes-de-imagem\/\">Cr\u00e9ditos e Atribui\u00e7\u00f5es<\/a><\/li><li class=\"elementor-sitemap-item elementor-sitemap-item-page page_item page-item-390\"><a href=\"https:\/\/lagetech.tec.br\/index.php\/lista-de-servicos\/\">Lista de Servi\u00e7os<\/a><\/li><li class=\"elementor-sitemap-item elementor-sitemap-item-page page_item page-item-519\"><a href=\"https:\/\/lagetech.tec.br\/index.php\/my-account\/\">My account<\/a><\/li><li class=\"elementor-sitemap-item elementor-sitemap-item-page page_item page-item-180\"><a href=\"https:\/\/lagetech.tec.br\/\">P\u00e1gina Inicial<\/a><\/li><li class=\"elementor-sitemap-item elementor-sitemap-item-page page_item page-item-3\"><a href=\"https:\/\/lagetech.tec.br\/index.php\/privacy-policy\/\">Pol\u00edtica de Privacidade<\/a><\/li><li class=\"elementor-sitemap-item elementor-sitemap-item-page page_item page-item-462\"><a href=\"https:\/\/lagetech.tec.br\/index.php\/servicos\/\">Servi\u00e7os<\/a><\/li><li class=\"elementor-sitemap-item elementor-sitemap-item-page page_item page-item-516\"><a href=\"https:\/\/lagetech.tec.br\/index.php\/shop\/\">Shop<\/a><\/li><li class=\"elementor-sitemap-item elementor-sitemap-item-page page_item page-item-444 current_page_parent\"><a href=\"https:\/\/lagetech.tec.br\/index.php\/blog-tech\/\">TechBlog<\/a><\/li><\/ul><\/div><div class=\"elementor-sitemap-section\"><h2 class=\"elementor-sitemap-title elementor-sitemap-category-title\">Categorias<\/h2><span class=\"elementor-sitemap-list elementor-sitemap-category-list\">None<\/span><\/div><\/div>\t\t<\/div>\n\t\t\t\t<\/div>\n\t\t\t\t\t<\/div>\n\t\t<\/div>\n\t\t\t\t\t\t\t<\/div>\n\t\t<\/section>\n\t\t\t\t\t\t\t<\/div>\n\t\t","protected":false},"excerpt":{"rendered":"<p>Voltar a P\u00e1gina Inicial<\/p>\n","protected":false},"author":1,"featured_media":0,"parent":0,"menu_order":0,"comment_status":"closed","ping_status":"closed","template":"elementor_header_footer","meta":[],"yoast_head":"<!-- This site is optimized with the Yoast SEO plugin v19.4 - https:\/\/yoast.com\/wordpress\/plugins\/seo\/ -->\n<title>Mapa do Site - Lagetech<\/title>\n<meta name=\"robots\" content=\"noindex, nofollow\" \/>\n<meta property=\"og:locale\" content=\"pt_BR\" \/>\n<meta property=\"og:type\" content=\"article\" \/>\n<meta property=\"og:title\" content=\"Mapa do Site - Lagetech\" \/>\n<meta property=\"og:description\" content=\"Voltar a P\u00e1gina Inicial\" \/>\n<meta property=\"og:url\" content=\"https:\/\/lagetech.tec.br\/index.php\/mapa-do-site\/\" \/>\n<meta property=\"og:site_name\" content=\"Lagetech\" \/>\n<meta property=\"article:publisher\" content=\"https:\/\/www.facebook.com\/lagetech.rj\" \/>\n<meta property=\"article:modified_time\" content=\"2022-08-05T00:13:57+00:00\" \/>\n<meta name=\"twitter:card\" content=\"summary_large_image\" \/>\n<meta name=\"twitter:label1\" content=\"Est. tempo de leitura\" \/>\n\t<meta name=\"twitter:data1\" content=\"1 minuto\" \/>\n<script type=\"application\/ld+json\" class=\"yoast-schema-graph\">{\"@context\":\"https:\/\/schema.org\",\"@graph\":[{\"@type\":\"Organization\",\"@id\":\"https:\/\/lagetech.tec.br\/#organization\",\"name\":\"Lagetech Servi\u00e7os em T.I\",\"url\":\"https:\/\/lagetech.tec.br\/\",\"sameAs\":[\"https:\/\/www.instagram.com\/lagetech.rj\/\",\"https:\/\/www.facebook.com\/lagetech.rj\"],\"logo\":{\"@type\":\"ImageObject\",\"inLanguage\":\"pt-BR\",\"@id\":\"https:\/\/lagetech.tec.br\/#\/schema\/logo\/image\/\",\"url\":\"https:\/\/lagetech.tec.br\/wp-content\/uploads\/2022\/08\/cropped-Logo_Lagetech_Servicos_TI.png\",\"contentUrl\":\"https:\/\/lagetech.tec.br\/wp-content\/uploads\/2022\/08\/cropped-Logo_Lagetech_Servicos_TI.png\",\"width\":558,\"height\":250,\"caption\":\"Lagetech Servi\u00e7os em T.I\"},\"image\":{\"@id\":\"https:\/\/lagetech.tec.br\/#\/schema\/logo\/image\/\"}},{\"@type\":\"WebSite\",\"@id\":\"https:\/\/lagetech.tec.br\/#website\",\"url\":\"https:\/\/lagetech.tec.br\/\",\"name\":\"Lagetech\",\"description\":\"Servi\u00e7os em T.I\",\"publisher\":{\"@id\":\"https:\/\/lagetech.tec.br\/#organization\"},\"potentialAction\":[{\"@type\":\"SearchAction\",\"target\":{\"@type\":\"EntryPoint\",\"urlTemplate\":\"https:\/\/lagetech.tec.br\/?s={search_term_string}\"},\"query-input\":\"required name=search_term_string\"}],\"inLanguage\":\"pt-BR\"},{\"@type\":\"WebPage\",\"@id\":\"https:\/\/lagetech.tec.br\/index.php\/mapa-do-site\/\",\"url\":\"https:\/\/lagetech.tec.br\/index.php\/mapa-do-site\/\",\"name\":\"Mapa do Site - Lagetech\",\"isPartOf\":{\"@id\":\"https:\/\/lagetech.tec.br\/#website\"},\"datePublished\":\"2022-08-04T21:47:04+00:00\",\"dateModified\":\"2022-08-05T00:13:57+00:00\",\"breadcrumb\":{\"@id\":\"https:\/\/lagetech.tec.br\/index.php\/mapa-do-site\/#breadcrumb\"},\"inLanguage\":\"pt-BR\",\"potentialAction\":[{\"@type\":\"ReadAction\",\"target\":[\"https:\/\/lagetech.tec.br\/index.php\/mapa-do-site\/\"]}]},{\"@type\":\"BreadcrumbList\",\"@id\":\"https:\/\/lagetech.tec.br\/index.php\/mapa-do-site\/#breadcrumb\",\"itemListElement\":[{\"@type\":\"ListItem\",\"position\":1,\"name\":\"In\u00edcio\",\"item\":\"https:\/\/lagetech.tec.br\/\"},{\"@type\":\"ListItem\",\"position\":2,\"name\":\"Mapa do Site\"}]}]}<\/script>\n<!-- \/ Yoast SEO plugin. -->","yoast_head_json":{"title":"Mapa do Site - Lagetech","robots":{"index":"noindex","follow":"nofollow"},"og_locale":"pt_BR","og_type":"article","og_title":"Mapa do Site - Lagetech","og_description":"Voltar a P\u00e1gina Inicial","og_url":"https:\/\/lagetech.tec.br\/index.php\/mapa-do-site\/","og_site_name":"Lagetech","article_publisher":"https:\/\/www.facebook.com\/lagetech.rj","article_modified_time":"2022-08-05T00:13:57+00:00","twitter_card":"summary_large_image","twitter_misc":{"Est. tempo de leitura":"1 minuto"},"schema":{"@context":"https:\/\/schema.org","@graph":[{"@type":"Organization","@id":"https:\/\/lagetech.tec.br\/#organization","name":"Lagetech Servi\u00e7os em T.I","url":"https:\/\/lagetech.tec.br\/","sameAs":["https:\/\/www.instagram.com\/lagetech.rj\/","https:\/\/www.facebook.com\/lagetech.rj"],"logo":{"@type":"ImageObject","inLanguage":"pt-BR","@id":"https:\/\/lagetech.tec.br\/#\/schema\/logo\/image\/","url":"https:\/\/lagetech.tec.br\/wp-content\/uploads\/2022\/08\/cropped-Logo_Lagetech_Servicos_TI.png","contentUrl":"https:\/\/lagetech.tec.br\/wp-content\/uploads\/2022\/08\/cropped-Logo_Lagetech_Servicos_TI.png","width":558,"height":250,"caption":"Lagetech Servi\u00e7os em T.I"},"image":{"@id":"https:\/\/lagetech.tec.br\/#\/schema\/logo\/image\/"}},{"@type":"WebSite","@id":"https:\/\/lagetech.tec.br\/#website","url":"https:\/\/lagetech.tec.br\/","name":"Lagetech","description":"Servi\u00e7os em T.I","publisher":{"@id":"https:\/\/lagetech.tec.br\/#organization"},"potentialAction":[{"@type":"SearchAction","target":{"@type":"EntryPoint","urlTemplate":"https:\/\/lagetech.tec.br\/?s={search_term_string}"},"query-input":"required name=search_term_string"}],"inLanguage":"pt-BR"},{"@type":"WebPage","@id":"https:\/\/lagetech.tec.br\/index.php\/mapa-do-site\/","url":"https:\/\/lagetech.tec.br\/index.php\/mapa-do-site\/","name":"Mapa do Site - Lagetech","isPartOf":{"@id":"https:\/\/lagetech.tec.br\/#website"},"datePublished":"2022-08-04T21:47:04+00:00","dateModified":"2022-08-05T00:13:57+00:00","breadcrumb":{"@id":"https:\/\/lagetech.tec.br\/index.php\/mapa-do-site\/#breadcrumb"},"inLanguage":"pt-BR","potentialAction":[{"@type":"ReadAction","target":["https:\/\/lagetech.tec.br\/index.php\/mapa-do-site\/"]}]},{"@type":"BreadcrumbList","@id":"https:\/\/lagetech.tec.br\/index.php\/mapa-do-site\/#breadcrumb","itemListElement":[{"@type":"ListItem","position":1,"name":"In\u00edcio","item":"https:\/\/lagetech.tec.br\/"},{"@type":"ListItem","position":2,"name":"Mapa do Site"}]}]}},"lang":false,"translations":[],"_links":{"self":[{"href":"https:\/\/lagetech.tec.br\/index.php\/wp-json\/wp\/v2\/pages\/340"}],"collection":[{"href":"https:\/\/lagetech.tec.br\/index.php\/wp-json\/wp\/v2\/pages"}],"about":[{"href":"https:\/\/lagetech.tec.br\/index.php\/wp-json\/wp\/v2\/types\/page"}],"author":[{"embeddable":true,"href":"https:\/\/lagetech.tec.br\/index.php\/wp-json\/wp\/v2\/users\/1"}],"replies":[{"embeddable":true,"href":"https:\/\/lagetech.tec.br\/index.php\/wp-json\/wp\/v2\/comments?post=340"}],"version-history":[{"count":23,"href":"https:\/\/lagetech.tec.br\/index.php\/wp-json\/wp\/v2\/pages\/340\/revisions"}],"predecessor-version":[{"id":387,"href":"https:\/\/lagetech.tec.br\/index.php\/wp-json\/wp\/v2\/pages\/340\/revisions\/387"}],"wp:attachment":[{"href":"https:\/\/lagetech.tec.br\/index.php\/wp-json\/wp\/v2\/media?parent=340"}],"curies":[{"name":"wp","href":"https:\/\/api.w.org\/{rel}","templated":true}]}}