{"id":344,"date":"2022-08-04T19:01:18","date_gmt":"2022-08-04T22:01:18","guid":{"rendered":"https:\/\/lagetech.tec.br\/?page_id=344"},"modified":"2022-08-04T20:19:56","modified_gmt":"2022-08-04T23:19:56","slug":"creditos-e-atribuicoes-de-imagem","status":"publish","type":"page","link":"https:\/\/lagetech.tec.br\/index.php\/creditos-e-atribuicoes-de-imagem\/","title":{"rendered":"Cr\u00e9ditos e Atribui\u00e7\u00f5es"},"content":{"rendered":"\t\t<div data-elementor-type=\"wp-page\" data-elementor-id=\"344\" class=\"elementor elementor-344\" data-elementor-post-type=\"page\">\n\t\t\t\t\t\t\t\t\t<section data-particle_enable=\"false\" data-particle-mobile-disabled=\"false\" class=\"has_ae_slider elementor-section elementor-top-section elementor-element elementor-element-6e4bd76 elementor-section-boxed elementor-section-height-default elementor-section-height-default ae-bg-gallery-type-default\" data-id=\"6e4bd76\" data-element_type=\"section\" data-settings=\"{&quot;jet_parallax_layout_list&quot;:[{&quot;jet_parallax_layout_image&quot;:{&quot;url&quot;:&quot;&quot;,&quot;id&quot;:&quot;&quot;,&quot;size&quot;:&quot;&quot;},&quot;_id&quot;:&quot;0c3cd94&quot;,&quot;jet_parallax_layout_image_tablet&quot;:{&quot;url&quot;:&quot;&quot;,&quot;id&quot;:&quot;&quot;,&quot;size&quot;:&quot;&quot;},&quot;jet_parallax_layout_image_mobile&quot;:{&quot;url&quot;:&quot;&quot;,&quot;id&quot;:&quot;&quot;,&quot;size&quot;:&quot;&quot;},&quot;jet_parallax_layout_speed&quot;:{&quot;unit&quot;:&quot;%&quot;,&quot;size&quot;:50,&quot;sizes&quot;:[]},&quot;jet_parallax_layout_type&quot;:&quot;scroll&quot;,&quot;jet_parallax_layout_direction&quot;:null,&quot;jet_parallax_layout_fx_direction&quot;:null,&quot;jet_parallax_layout_z_index&quot;:&quot;&quot;,&quot;jet_parallax_layout_bg_x&quot;:50,&quot;jet_parallax_layout_bg_x_tablet&quot;:&quot;&quot;,&quot;jet_parallax_layout_bg_x_mobile&quot;:&quot;&quot;,&quot;jet_parallax_layout_bg_y&quot;:50,&quot;jet_parallax_layout_bg_y_tablet&quot;:&quot;&quot;,&quot;jet_parallax_layout_bg_y_mobile&quot;:&quot;&quot;,&quot;jet_parallax_layout_bg_size&quot;:&quot;auto&quot;,&quot;jet_parallax_layout_bg_size_tablet&quot;:&quot;&quot;,&quot;jet_parallax_layout_bg_size_mobile&quot;:&quot;&quot;,&quot;jet_parallax_layout_animation_prop&quot;:&quot;transform&quot;,&quot;jet_parallax_layout_on&quot;:[&quot;desktop&quot;,&quot;tablet&quot;]}],&quot;_ha_eqh_enable&quot;:false}\">\n\t\t\t\t\t\t<div class=\"elementor-container elementor-column-gap-default\">\n\t\t\t\t\t<div class=\"has_ae_slider elementor-column elementor-col-100 elementor-top-column elementor-element elementor-element-5fb87d3 ae-bg-gallery-type-default\" data-id=\"5fb87d3\" data-element_type=\"column\">\n\t\t\t<div class=\"elementor-widget-wrap elementor-element-populated\">\n\t\t\t\t\t\t\t\t\t<\/div>\n\t\t<\/div>\n\t\t\t\t\t\t\t<\/div>\n\t\t<\/section>\n\t\t\t\t<section data-particle_enable=\"false\" data-particle-mobile-disabled=\"false\" class=\"has_ae_slider elementor-section elementor-top-section elementor-element elementor-element-ce077ef elementor-section-boxed elementor-section-height-default elementor-section-height-default ae-bg-gallery-type-default\" data-id=\"ce077ef\" data-element_type=\"section\" data-settings=\"{&quot;jet_parallax_layout_list&quot;:[{&quot;jet_parallax_layout_image&quot;:{&quot;url&quot;:&quot;&quot;,&quot;id&quot;:&quot;&quot;,&quot;size&quot;:&quot;&quot;},&quot;_id&quot;:&quot;386edc6&quot;,&quot;jet_parallax_layout_image_tablet&quot;:{&quot;url&quot;:&quot;&quot;,&quot;id&quot;:&quot;&quot;,&quot;size&quot;:&quot;&quot;},&quot;jet_parallax_layout_image_mobile&quot;:{&quot;url&quot;:&quot;&quot;,&quot;id&quot;:&quot;&quot;,&quot;size&quot;:&quot;&quot;},&quot;jet_parallax_layout_speed&quot;:{&quot;unit&quot;:&quot;%&quot;,&quot;size&quot;:50,&quot;sizes&quot;:[]},&quot;jet_parallax_layout_type&quot;:&quot;scroll&quot;,&quot;jet_parallax_layout_direction&quot;:null,&quot;jet_parallax_layout_fx_direction&quot;:null,&quot;jet_parallax_layout_z_index&quot;:&quot;&quot;,&quot;jet_parallax_layout_bg_x&quot;:50,&quot;jet_parallax_layout_bg_x_tablet&quot;:&quot;&quot;,&quot;jet_parallax_layout_bg_x_mobile&quot;:&quot;&quot;,&quot;jet_parallax_layout_bg_y&quot;:50,&quot;jet_parallax_layout_bg_y_tablet&quot;:&quot;&quot;,&quot;jet_parallax_layout_bg_y_mobile&quot;:&quot;&quot;,&quot;jet_parallax_layout_bg_size&quot;:&quot;auto&quot;,&quot;jet_parallax_layout_bg_size_tablet&quot;:&quot;&quot;,&quot;jet_parallax_layout_bg_size_mobile&quot;:&quot;&quot;,&quot;jet_parallax_layout_animation_prop&quot;:&quot;transform&quot;,&quot;jet_parallax_layout_on&quot;:[&quot;desktop&quot;,&quot;tablet&quot;]}],&quot;_ha_eqh_enable&quot;:false}\">\n\t\t\t\t\t\t<div class=\"elementor-container elementor-column-gap-default\">\n\t\t\t\t\t<div class=\"has_ae_slider elementor-column elementor-col-50 elementor-top-column elementor-element elementor-element-c1b0f2a ae-bg-gallery-type-default\" data-id=\"c1b0f2a\" data-element_type=\"column\">\n\t\t\t<div class=\"elementor-widget-wrap elementor-element-populated\">\n\t\t\t\t\t\t\t\t<div class=\"elementor-element elementor-element-ee250dd elementor-view-default elementor-widget elementor-widget-icon\" data-id=\"ee250dd\" data-element_type=\"widget\" data-widget_type=\"icon.default\">\n\t\t\t\t<div class=\"elementor-widget-container\">\n\t\t\t\t\t<div class=\"elementor-icon-wrapper\">\n\t\t\t<a class=\"elementor-icon\" href=\"https:\/\/lagetech.tec.br\/index.php\/inicial\/\">\n\t\t\t<i aria-hidden=\"true\" class=\"fas fa-home\"><\/i>\t\t\t<\/a>\n\t\t<\/div>\n\t\t\t\t<\/div>\n\t\t\t\t<\/div>\n\t\t\t\t<div class=\"elementor-element elementor-element-fa1d23a elementor-widget elementor-widget-text-editor\" data-id=\"fa1d23a\" data-element_type=\"widget\" data-widget_type=\"text-editor.default\">\n\t\t\t\t<div class=\"elementor-widget-container\">\n\t\t\t<style>\/*! elementor - v3.15.0 - 31-07-2023 *\/\n.elementor-widget-text-editor.elementor-drop-cap-view-stacked .elementor-drop-cap{background-color:#69727d;color:#fff}.elementor-widget-text-editor.elementor-drop-cap-view-framed .elementor-drop-cap{color:#69727d;border:3px solid;background-color:transparent}.elementor-widget-text-editor:not(.elementor-drop-cap-view-default) .elementor-drop-cap{margin-top:8px}.elementor-widget-text-editor:not(.elementor-drop-cap-view-default) .elementor-drop-cap-letter{width:1em;height:1em}.elementor-widget-text-editor .elementor-drop-cap{float:left;text-align:center;line-height:1;font-size:50px}.elementor-widget-text-editor .elementor-drop-cap-letter{display:inline-block}<\/style>\t\t\t\t<p><strong><a href=\"https:\/\/lagetech.tec.br\/index.php\/inicial\/\">Voltar a P\u00e1gina Inicial<\/a><\/strong><\/p>\t\t\t\t\t\t<\/div>\n\t\t\t\t<\/div>\n\t\t\t\t\t<\/div>\n\t\t<\/div>\n\t\t\t\t<div class=\"has_ae_slider elementor-column elementor-col-50 elementor-top-column elementor-element elementor-element-0586ddc ae-bg-gallery-type-default\" data-id=\"0586ddc\" data-element_type=\"column\">\n\t\t\t<div class=\"elementor-widget-wrap\">\n\t\t\t\t\t\t\t\t\t<\/div>\n\t\t<\/div>\n\t\t\t\t\t\t\t<\/div>\n\t\t<\/section>\n\t\t\t\t<section data-particle_enable=\"false\" data-particle-mobile-disabled=\"false\" class=\"has_ae_slider elementor-section elementor-top-section elementor-element elementor-element-76e441d elementor-section-boxed elementor-section-height-default elementor-section-height-default ae-bg-gallery-type-default\" data-id=\"76e441d\" data-element_type=\"section\" data-settings=\"{&quot;jet_parallax_layout_list&quot;:[{&quot;jet_parallax_layout_image&quot;:{&quot;url&quot;:&quot;&quot;,&quot;id&quot;:&quot;&quot;,&quot;size&quot;:&quot;&quot;},&quot;_id&quot;:&quot;ae856b5&quot;,&quot;jet_parallax_layout_image_tablet&quot;:{&quot;url&quot;:&quot;&quot;,&quot;id&quot;:&quot;&quot;,&quot;size&quot;:&quot;&quot;},&quot;jet_parallax_layout_image_mobile&quot;:{&quot;url&quot;:&quot;&quot;,&quot;id&quot;:&quot;&quot;,&quot;size&quot;:&quot;&quot;},&quot;jet_parallax_layout_speed&quot;:{&quot;unit&quot;:&quot;%&quot;,&quot;size&quot;:50,&quot;sizes&quot;:[]},&quot;jet_parallax_layout_type&quot;:&quot;scroll&quot;,&quot;jet_parallax_layout_direction&quot;:null,&quot;jet_parallax_layout_fx_direction&quot;:null,&quot;jet_parallax_layout_z_index&quot;:&quot;&quot;,&quot;jet_parallax_layout_bg_x&quot;:50,&quot;jet_parallax_layout_bg_x_tablet&quot;:&quot;&quot;,&quot;jet_parallax_layout_bg_x_mobile&quot;:&quot;&quot;,&quot;jet_parallax_layout_bg_y&quot;:50,&quot;jet_parallax_layout_bg_y_tablet&quot;:&quot;&quot;,&quot;jet_parallax_layout_bg_y_mobile&quot;:&quot;&quot;,&quot;jet_parallax_layout_bg_size&quot;:&quot;auto&quot;,&quot;jet_parallax_layout_bg_size_tablet&quot;:&quot;&quot;,&quot;jet_parallax_layout_bg_size_mobile&quot;:&quot;&quot;,&quot;jet_parallax_layout_animation_prop&quot;:&quot;transform&quot;,&quot;jet_parallax_layout_on&quot;:[&quot;desktop&quot;,&quot;tablet&quot;]}],&quot;_ha_eqh_enable&quot;:false}\">\n\t\t\t\t\t\t<div class=\"elementor-container elementor-column-gap-default\">\n\t\t\t\t\t<div class=\"has_ae_slider elementor-column elementor-col-100 elementor-top-column elementor-element elementor-element-e5d4d3a ae-bg-gallery-type-default\" data-id=\"e5d4d3a\" data-element_type=\"column\">\n\t\t\t<div class=\"elementor-widget-wrap elementor-element-populated\">\n\t\t\t\t\t\t\t\t<div class=\"elementor-element elementor-element-af1c44d elementor-widget elementor-widget-heading\" data-id=\"af1c44d\" data-element_type=\"widget\" data-widget_type=\"heading.default\">\n\t\t\t\t<div class=\"elementor-widget-container\">\n\t\t\t<style>\/*! elementor - v3.15.0 - 31-07-2023 *\/\n.elementor-heading-title{padding:0;margin:0;line-height:1}.elementor-widget-heading .elementor-heading-title[class*=elementor-size-]>a{color:inherit;font-size:inherit;line-height:inherit}.elementor-widget-heading .elementor-heading-title.elementor-size-small{font-size:15px}.elementor-widget-heading .elementor-heading-title.elementor-size-medium{font-size:19px}.elementor-widget-heading .elementor-heading-title.elementor-size-large{font-size:29px}.elementor-widget-heading .elementor-heading-title.elementor-size-xl{font-size:39px}.elementor-widget-heading .elementor-heading-title.elementor-size-xxl{font-size:59px}<\/style><h1 class=\"elementor-heading-title elementor-size-default\">De imagens<\/h1>\t\t<\/div>\n\t\t\t\t<\/div>\n\t\t\t\t<div class=\"elementor-element elementor-element-eab6da2 elementor-widget elementor-widget-heading\" data-id=\"eab6da2\" data-element_type=\"widget\" data-widget_type=\"heading.default\">\n\t\t\t\t<div class=\"elementor-widget-container\">\n\t\t\t<h4 class=\"elementor-heading-title elementor-size-default\"><a href=\"https:\/\/br.freepik.com\">#1 - Freepick<\/a><\/h4>\t\t<\/div>\n\t\t\t\t<\/div>\n\t\t\t\t<div class=\"elementor-element elementor-element-921a711 elementor-widget elementor-widget-text-editor\" data-id=\"921a711\" data-element_type=\"widget\" data-widget_type=\"text-editor.default\">\n\t\t\t\t<div class=\"elementor-widget-container\">\n\t\t\t\t\t\t\t<ul><li>Recepcionista homem foto criado por luis_molinero;<\/li><\/ul>\t\t\t\t\t\t<\/div>\n\t\t\t\t<\/div>\n\t\t\t\t\t<\/div>\n\t\t<\/div>\n\t\t\t\t\t\t\t<\/div>\n\t\t<\/section>\n\t\t\t\t\t\t\t<\/div>\n\t\t","protected":false},"excerpt":{"rendered":"<p>Voltar a P\u00e1gina Inicial De imagens #1 &#8211; Freepick Recepcionista homem foto criado por luis_molinero;<\/p>\n","protected":false},"author":1,"featured_media":0,"parent":0,"menu_order":0,"comment_status":"closed","ping_status":"closed","template":"elementor_header_footer","meta":[],"yoast_head":"<!-- This site is optimized with the Yoast SEO plugin v19.4 - https:\/\/yoast.com\/wordpress\/plugins\/seo\/ -->\n<title>Cr\u00e9ditos e Atribui\u00e7\u00f5es - Lagetech<\/title>\n<meta name=\"robots\" content=\"noindex, nofollow\" \/>\n<meta property=\"og:locale\" content=\"pt_BR\" \/>\n<meta property=\"og:type\" content=\"article\" \/>\n<meta property=\"og:title\" content=\"Cr\u00e9ditos e Atribui\u00e7\u00f5es - Lagetech\" \/>\n<meta property=\"og:description\" content=\"Voltar a P\u00e1gina Inicial De imagens #1 &#8211; Freepick Recepcionista homem foto criado por luis_molinero;\" \/>\n<meta property=\"og:url\" content=\"https:\/\/lagetech.tec.br\/index.php\/creditos-e-atribuicoes-de-imagem\/\" \/>\n<meta property=\"og:site_name\" content=\"Lagetech\" \/>\n<meta property=\"article:publisher\" content=\"https:\/\/www.facebook.com\/lagetech.rj\" \/>\n<meta property=\"article:modified_time\" content=\"2022-08-04T23:19:56+00:00\" \/>\n<meta name=\"twitter:card\" content=\"summary_large_image\" \/>\n<meta name=\"twitter:label1\" content=\"Est. tempo de leitura\" \/>\n\t<meta name=\"twitter:data1\" content=\"1 minuto\" \/>\n<script type=\"application\/ld+json\" class=\"yoast-schema-graph\">{\"@context\":\"https:\/\/schema.org\",\"@graph\":[{\"@type\":\"Organization\",\"@id\":\"https:\/\/lagetech.tec.br\/#organization\",\"name\":\"Lagetech Servi\u00e7os em T.I\",\"url\":\"https:\/\/lagetech.tec.br\/\",\"sameAs\":[\"https:\/\/www.instagram.com\/lagetech.rj\/\",\"https:\/\/www.facebook.com\/lagetech.rj\"],\"logo\":{\"@type\":\"ImageObject\",\"inLanguage\":\"pt-BR\",\"@id\":\"https:\/\/lagetech.tec.br\/#\/schema\/logo\/image\/\",\"url\":\"https:\/\/lagetech.tec.br\/wp-content\/uploads\/2022\/08\/cropped-Logo_Lagetech_Servicos_TI.png\",\"contentUrl\":\"https:\/\/lagetech.tec.br\/wp-content\/uploads\/2022\/08\/cropped-Logo_Lagetech_Servicos_TI.png\",\"width\":558,\"height\":250,\"caption\":\"Lagetech Servi\u00e7os em T.I\"},\"image\":{\"@id\":\"https:\/\/lagetech.tec.br\/#\/schema\/logo\/image\/\"}},{\"@type\":\"WebSite\",\"@id\":\"https:\/\/lagetech.tec.br\/#website\",\"url\":\"https:\/\/lagetech.tec.br\/\",\"name\":\"Lagetech\",\"description\":\"Servi\u00e7os em T.I\",\"publisher\":{\"@id\":\"https:\/\/lagetech.tec.br\/#organization\"},\"potentialAction\":[{\"@type\":\"SearchAction\",\"target\":{\"@type\":\"EntryPoint\",\"urlTemplate\":\"https:\/\/lagetech.tec.br\/?s={search_term_string}\"},\"query-input\":\"required name=search_term_string\"}],\"inLanguage\":\"pt-BR\"},{\"@type\":\"WebPage\",\"@id\":\"https:\/\/lagetech.tec.br\/index.php\/creditos-e-atribuicoes-de-imagem\/\",\"url\":\"https:\/\/lagetech.tec.br\/index.php\/creditos-e-atribuicoes-de-imagem\/\",\"name\":\"Cr\u00e9ditos e Atribui\u00e7\u00f5es - Lagetech\",\"isPartOf\":{\"@id\":\"https:\/\/lagetech.tec.br\/#website\"},\"datePublished\":\"2022-08-04T22:01:18+00:00\",\"dateModified\":\"2022-08-04T23:19:56+00:00\",\"breadcrumb\":{\"@id\":\"https:\/\/lagetech.tec.br\/index.php\/creditos-e-atribuicoes-de-imagem\/#breadcrumb\"},\"inLanguage\":\"pt-BR\",\"potentialAction\":[{\"@type\":\"ReadAction\",\"target\":[\"https:\/\/lagetech.tec.br\/index.php\/creditos-e-atribuicoes-de-imagem\/\"]}]},{\"@type\":\"BreadcrumbList\",\"@id\":\"https:\/\/lagetech.tec.br\/index.php\/creditos-e-atribuicoes-de-imagem\/#breadcrumb\",\"itemListElement\":[{\"@type\":\"ListItem\",\"position\":1,\"name\":\"In\u00edcio\",\"item\":\"https:\/\/lagetech.tec.br\/\"},{\"@type\":\"ListItem\",\"position\":2,\"name\":\"Cr\u00e9ditos e Atribui\u00e7\u00f5es\"}]}]}<\/script>\n<!-- \/ Yoast SEO plugin. -->","yoast_head_json":{"title":"Cr\u00e9ditos e Atribui\u00e7\u00f5es - Lagetech","robots":{"index":"noindex","follow":"nofollow"},"og_locale":"pt_BR","og_type":"article","og_title":"Cr\u00e9ditos e Atribui\u00e7\u00f5es - Lagetech","og_description":"Voltar a P\u00e1gina Inicial De imagens #1 &#8211; Freepick Recepcionista homem foto criado por luis_molinero;","og_url":"https:\/\/lagetech.tec.br\/index.php\/creditos-e-atribuicoes-de-imagem\/","og_site_name":"Lagetech","article_publisher":"https:\/\/www.facebook.com\/lagetech.rj","article_modified_time":"2022-08-04T23:19:56+00:00","twitter_card":"summary_large_image","twitter_misc":{"Est. tempo de leitura":"1 minuto"},"schema":{"@context":"https:\/\/schema.org","@graph":[{"@type":"Organization","@id":"https:\/\/lagetech.tec.br\/#organization","name":"Lagetech Servi\u00e7os em T.I","url":"https:\/\/lagetech.tec.br\/","sameAs":["https:\/\/www.instagram.com\/lagetech.rj\/","https:\/\/www.facebook.com\/lagetech.rj"],"logo":{"@type":"ImageObject","inLanguage":"pt-BR","@id":"https:\/\/lagetech.tec.br\/#\/schema\/logo\/image\/","url":"https:\/\/lagetech.tec.br\/wp-content\/uploads\/2022\/08\/cropped-Logo_Lagetech_Servicos_TI.png","contentUrl":"https:\/\/lagetech.tec.br\/wp-content\/uploads\/2022\/08\/cropped-Logo_Lagetech_Servicos_TI.png","width":558,"height":250,"caption":"Lagetech Servi\u00e7os em T.I"},"image":{"@id":"https:\/\/lagetech.tec.br\/#\/schema\/logo\/image\/"}},{"@type":"WebSite","@id":"https:\/\/lagetech.tec.br\/#website","url":"https:\/\/lagetech.tec.br\/","name":"Lagetech","description":"Servi\u00e7os em T.I","publisher":{"@id":"https:\/\/lagetech.tec.br\/#organization"},"potentialAction":[{"@type":"SearchAction","target":{"@type":"EntryPoint","urlTemplate":"https:\/\/lagetech.tec.br\/?s={search_term_string}"},"query-input":"required name=search_term_string"}],"inLanguage":"pt-BR"},{"@type":"WebPage","@id":"https:\/\/lagetech.tec.br\/index.php\/creditos-e-atribuicoes-de-imagem\/","url":"https:\/\/lagetech.tec.br\/index.php\/creditos-e-atribuicoes-de-imagem\/","name":"Cr\u00e9ditos e Atribui\u00e7\u00f5es - Lagetech","isPartOf":{"@id":"https:\/\/lagetech.tec.br\/#website"},"datePublished":"2022-08-04T22:01:18+00:00","dateModified":"2022-08-04T23:19:56+00:00","breadcrumb":{"@id":"https:\/\/lagetech.tec.br\/index.php\/creditos-e-atribuicoes-de-imagem\/#breadcrumb"},"inLanguage":"pt-BR","potentialAction":[{"@type":"ReadAction","target":["https:\/\/lagetech.tec.br\/index.php\/creditos-e-atribuicoes-de-imagem\/"]}]},{"@type":"BreadcrumbList","@id":"https:\/\/lagetech.tec.br\/index.php\/creditos-e-atribuicoes-de-imagem\/#breadcrumb","itemListElement":[{"@type":"ListItem","position":1,"name":"In\u00edcio","item":"https:\/\/lagetech.tec.br\/"},{"@type":"ListItem","position":2,"name":"Cr\u00e9ditos e Atribui\u00e7\u00f5es"}]}]}},"lang":false,"translations":[],"_links":{"self":[{"href":"https:\/\/lagetech.tec.br\/index.php\/wp-json\/wp\/v2\/pages\/344"}],"collection":[{"href":"https:\/\/lagetech.tec.br\/index.php\/wp-json\/wp\/v2\/pages"}],"about":[{"href":"https:\/\/lagetech.tec.br\/index.php\/wp-json\/wp\/v2\/types\/page"}],"author":[{"embeddable":true,"href":"https:\/\/lagetech.tec.br\/index.php\/wp-json\/wp\/v2\/users\/1"}],"replies":[{"embeddable":true,"href":"https:\/\/lagetech.tec.br\/index.php\/wp-json\/wp\/v2\/comments?post=344"}],"version-history":[{"count":19,"href":"https:\/\/lagetech.tec.br\/index.php\/wp-json\/wp\/v2\/pages\/344\/revisions"}],"predecessor-version":[{"id":372,"href":"https:\/\/lagetech.tec.br\/index.php\/wp-json\/wp\/v2\/pages\/344\/revisions\/372"}],"wp:attachment":[{"href":"https:\/\/lagetech.tec.br\/index.php\/wp-json\/wp\/v2\/media?parent=344"}],"curies":[{"name":"wp","href":"https:\/\/api.w.org\/{rel}","templated":true}]}}